{"id":72,"date":"2022-07-21T18:05:59","date_gmt":"2022-07-21T16:05:59","guid":{"rendered":"https:\/\/www.restaurant-meyer.at\/hrm\/?page_id=72"},"modified":"2025-01-07T16:29:47","modified_gmt":"2025-01-07T15:29:47","slug":"raeumlichkeiten","status":"publish","type":"page","link":"https:\/\/www.restaurant-meyer.at\/hrm\/?page_id=72","title":{"rendered":"Galerie"},"content":{"rendered":"\t\t<div data-elementor-type=\"wp-page\" data-elementor-id=\"72\" class=\"elementor elementor-72\" data-elementor-settings=\"{&quot;ha_cmc_init_switcher&quot;:&quot;no&quot;}\" data-elementor-post-type=\"page\">\n\t\t\t\t\t\t<section class=\"elementor-section elementor-top-section elementor-element elementor-element-16ae7db elementor-section-full_width elementor-hidden-tablet elementor-hidden-mobile elementor-section-height-default elementor-section-height-default exad-glass-effect-no exad-sticky-section-no\" data-id=\"16ae7db\" data-element_type=\"section\" data-e-type=\"section\" data-settings=\"{&quot;background_background&quot;:&quot;classic&quot;,&quot;_ha_eqh_enable&quot;:false}\">\n\t\t\t\t\t\t<div class=\"elementor-container elementor-column-gap-default\">\n\t\t\t\t\t<div class=\"elementor-column elementor-col-50 elementor-top-column elementor-element elementor-element-b3ee801 exad-glass-effect-no exad-sticky-section-no\" data-id=\"b3ee801\" data-element_type=\"column\" data-e-type=\"column\">\n\t\t\t<div class=\"elementor-widget-wrap elementor-element-populated\">\n\t\t\t\t\t\t<div class=\"elementor-element elementor-element-336b852 exad-sticky-section-no exad-glass-effect-no elementor-widget elementor-widget-spacer\" data-id=\"336b852\" data-element_type=\"widget\" data-e-type=\"widget\" data-widget_type=\"spacer.default\">\n\t\t\t\t<div class=\"elementor-widget-container\">\n\t\t\t\t\t\t\t<div class=\"elementor-spacer\">\n\t\t\t<div class=\"elementor-spacer-inner\"><\/div>\n\t\t<\/div>\n\t\t\t\t\t\t<\/div>\n\t\t\t\t<\/div>\n\t\t\t\t\t<\/div>\n\t\t<\/div>\n\t\t\t\t<div class=\"elementor-column elementor-col-50 elementor-top-column elementor-element elementor-element-0fb0271 exad-glass-effect-no exad-sticky-section-no\" data-id=\"0fb0271\" data-element_type=\"column\" data-e-type=\"column\">\n\t\t\t<div class=\"elementor-widget-wrap elementor-element-populated\">\n\t\t\t\t\t\t<div class=\"elementor-element elementor-element-d20467d exad-sticky-section-no exad-glass-effect-no elementor-widget elementor-widget-spacer\" data-id=\"d20467d\" data-element_type=\"widget\" data-e-type=\"widget\" data-widget_type=\"spacer.default\">\n\t\t\t\t<div class=\"elementor-widget-container\">\n\t\t\t\t\t\t\t<div class=\"elementor-spacer\">\n\t\t\t<div class=\"elementor-spacer-inner\"><\/div>\n\t\t<\/div>\n\t\t\t\t\t\t<\/div>\n\t\t\t\t<\/div>\n\t\t\t\t<div class=\"elementor-element elementor-element-edbb906 exad-sticky-section-no exad-glass-effect-no elementor-widget elementor-widget-heading\" data-id=\"edbb906\" data-element_type=\"widget\" data-e-type=\"widget\" data-widget_type=\"heading.default\">\n\t\t\t\t<div class=\"elementor-widget-container\">\n\t\t\t\t\t<h2 class=\"elementor-heading-title elementor-size-xxl\">Restaurant Galerie<\/h2>\t\t\t\t<\/div>\n\t\t\t\t<\/div>\n\t\t\t\t<div class=\"elementor-element elementor-element-4069b2f exad-sticky-section-no exad-glass-effect-no elementor-widget elementor-widget-spacer\" data-id=\"4069b2f\" data-element_type=\"widget\" data-e-type=\"widget\" data-widget_type=\"spacer.default\">\n\t\t\t\t<div class=\"elementor-widget-container\">\n\t\t\t\t\t\t\t<div class=\"elementor-spacer\">\n\t\t\t<div class=\"elementor-spacer-inner\"><\/div>\n\t\t<\/div>\n\t\t\t\t\t\t<\/div>\n\t\t\t\t<\/div>\n\t\t\t\t\t<\/div>\n\t\t<\/div>\n\t\t\t\t\t<\/div>\n\t\t<\/section>\n\t\t\t\t<section class=\"elementor-section elementor-top-section elementor-element elementor-element-5880cdc elementor-hidden-desktop elementor-section-boxed elementor-section-height-default elementor-section-height-default exad-glass-effect-no exad-sticky-section-no\" data-id=\"5880cdc\" data-element_type=\"section\" data-e-type=\"section\" data-settings=\"{&quot;_ha_eqh_enable&quot;:false}\">\n\t\t\t\t\t\t<div class=\"elementor-container elementor-column-gap-default\">\n\t\t\t\t\t<div class=\"elementor-column elementor-col-100 elementor-top-column elementor-element elementor-element-b36cef8 exad-glass-effect-no exad-sticky-section-no\" data-id=\"b36cef8\" data-element_type=\"column\" data-e-type=\"column\">\n\t\t\t<div class=\"elementor-widget-wrap elementor-element-populated\">\n\t\t\t\t\t\t<div class=\"elementor-element elementor-element-6ccde79 exad-sticky-section-no exad-glass-effect-no elementor-widget elementor-widget-image\" data-id=\"6ccde79\" data-element_type=\"widget\" data-e-type=\"widget\" data-widget_type=\"image.default\">\n\t\t\t\t<div class=\"elementor-widget-container\">\n\t\t\t\t\t\t\t\t\t\t\t\t\t\t\t<img fetchpriority=\"high\" decoding=\"async\" width=\"1024\" height=\"267\" src=\"https:\/\/www.restaurant-meyer.at\/hrm\/wp-content\/uploads\/2022\/07\/Header-Restaurant_2-1024x267.png\" class=\"attachment-large size-large wp-image-449\" alt=\"\" srcset=\"https:\/\/www.restaurant-meyer.at\/hrm\/wp-content\/uploads\/2022\/07\/Header-Restaurant_2-1024x267.png 1024w, https:\/\/www.restaurant-meyer.at\/hrm\/wp-content\/uploads\/2022\/07\/Header-Restaurant_2-300x78.png 300w, https:\/\/www.restaurant-meyer.at\/hrm\/wp-content\/uploads\/2022\/07\/Header-Restaurant_2-768x200.png 768w, https:\/\/www.restaurant-meyer.at\/hrm\/wp-content\/uploads\/2022\/07\/Header-Restaurant_2-1536x400.png 1536w, https:\/\/www.restaurant-meyer.at\/hrm\/wp-content\/uploads\/2022\/07\/Header-Restaurant_2.png 1920w\" sizes=\"(max-width: 1024px) 100vw, 1024px\" \/>\t\t\t\t\t\t\t\t\t\t\t\t\t\t\t<\/div>\n\t\t\t\t<\/div>\n\t\t\t\t<div class=\"elementor-element elementor-element-41f430e exad-sticky-section-no exad-glass-effect-no elementor-widget elementor-widget-heading\" data-id=\"41f430e\" data-element_type=\"widget\" data-e-type=\"widget\" data-widget_type=\"heading.default\">\n\t\t\t\t<div class=\"elementor-widget-container\">\n\t\t\t\t\t<h2 class=\"elementor-heading-title elementor-size-xl\">Restaurant Galerie<\/h2>\t\t\t\t<\/div>\n\t\t\t\t<\/div>\n\t\t\t\t\t<\/div>\n\t\t<\/div>\n\t\t\t\t\t<\/div>\n\t\t<\/section>\n\t\t\t\t<section class=\"elementor-section elementor-top-section elementor-element elementor-element-175e972 elementor-section-boxed elementor-section-height-default elementor-section-height-default exad-glass-effect-no exad-sticky-section-no\" data-id=\"175e972\" data-element_type=\"section\" data-e-type=\"section\" data-settings=\"{&quot;_ha_eqh_enable&quot;:false}\">\n\t\t\t\t\t\t<div class=\"elementor-container elementor-column-gap-default\">\n\t\t\t\t\t<div class=\"elementor-column elementor-col-100 elementor-top-column elementor-element elementor-element-b3030c3 exad-glass-effect-no exad-sticky-section-no\" data-id=\"b3030c3\" data-element_type=\"column\" data-e-type=\"column\">\n\t\t\t<div class=\"elementor-widget-wrap elementor-element-populated\">\n\t\t\t\t\t\t<div class=\"elementor-element elementor-element-de94cbb exad-sticky-section-no exad-glass-effect-no elementor-widget elementor-widget-spacer\" data-id=\"de94cbb\" data-element_type=\"widget\" data-e-type=\"widget\" data-widget_type=\"spacer.default\">\n\t\t\t\t<div class=\"elementor-widget-container\">\n\t\t\t\t\t\t\t<div class=\"elementor-spacer\">\n\t\t\t<div class=\"elementor-spacer-inner\"><\/div>\n\t\t<\/div>\n\t\t\t\t\t\t<\/div>\n\t\t\t\t<\/div>\n\t\t\t\t<div class=\"elementor-element elementor-element-97cdbdc elementor-hidden-desktop exad-sticky-section-no exad-glass-effect-no elementor-widget elementor-widget-image\" data-id=\"97cdbdc\" data-element_type=\"widget\" data-e-type=\"widget\" data-widget_type=\"image.default\">\n\t\t\t\t<div class=\"elementor-widget-container\">\n\t\t\t\t\t\t\t\t\t\t\t\t\t\t\t<img decoding=\"async\" width=\"469\" height=\"72\" src=\"https:\/\/www.restaurant-meyer.at\/hrm\/wp-content\/uploads\/2022\/08\/Trenner-1.png\" class=\"attachment-large size-large wp-image-1498\" alt=\"Meyer Kalsdorf\" srcset=\"https:\/\/www.restaurant-meyer.at\/hrm\/wp-content\/uploads\/2022\/08\/Trenner-1.png 469w, https:\/\/www.restaurant-meyer.at\/hrm\/wp-content\/uploads\/2022\/08\/Trenner-1-300x46.png 300w\" sizes=\"(max-width: 469px) 100vw, 469px\" \/>\t\t\t\t\t\t\t\t\t\t\t\t\t\t\t<\/div>\n\t\t\t\t<\/div>\n\t\t\t\t\t<\/div>\n\t\t<\/div>\n\t\t\t\t\t<\/div>\n\t\t<\/section>\n\t\t\t\t<section class=\"elementor-section elementor-top-section elementor-element elementor-element-6b810e4 elementor-section-boxed elementor-section-height-default elementor-section-height-default exad-glass-effect-no exad-sticky-section-no\" data-id=\"6b810e4\" data-element_type=\"section\" data-e-type=\"section\" data-settings=\"{&quot;_ha_eqh_enable&quot;:false}\">\n\t\t\t\t\t\t<div class=\"elementor-container elementor-column-gap-default\">\n\t\t\t\t\t<div class=\"elementor-column elementor-col-100 elementor-top-column elementor-element elementor-element-7a22492 exad-glass-effect-no exad-sticky-section-no\" data-id=\"7a22492\" data-element_type=\"column\" data-e-type=\"column\">\n\t\t\t<div class=\"elementor-widget-wrap elementor-element-populated\">\n\t\t\t\t\t\t<div class=\"elementor-element elementor-element-14b6919 elementor-hidden-mobile exad-sticky-section-no exad-glass-effect-no elementor-widget elementor-widget-heading\" data-id=\"14b6919\" data-element_type=\"widget\" data-e-type=\"widget\" data-widget_type=\"heading.default\">\n\t\t\t\t<div class=\"elementor-widget-container\">\n\t\t\t\t\t<h2 class=\"elementor-heading-title elementor-size-large\">Ein \u00dcberblick unserer kulinarischen K\u00f6stlichkeiten:<\/h2>\t\t\t\t<\/div>\n\t\t\t\t<\/div>\n\t\t\t\t<div class=\"elementor-element elementor-element-3938b34 elementor-hidden-desktop elementor-hidden-tablet exad-sticky-section-no exad-glass-effect-no elementor-widget elementor-widget-heading\" data-id=\"3938b34\" data-element_type=\"widget\" data-e-type=\"widget\" data-widget_type=\"heading.default\">\n\t\t\t\t<div class=\"elementor-widget-container\">\n\t\t\t\t\t<h2 class=\"elementor-heading-title elementor-size-medium\">Ein \u00dcberblick unserer kulinarischen K\u00f6stlichkeiten:<\/h2>\t\t\t\t<\/div>\n\t\t\t\t<\/div>\n\t\t\t\t<div class=\"elementor-element elementor-element-a6f6b02 exad-sticky-section-no exad-glass-effect-no elementor-widget elementor-widget-ha-justified-gallery happy-addon ha-justified-gallery\" data-id=\"a6f6b02\" data-element_type=\"widget\" data-e-type=\"widget\" data-settings=\"{&quot;row_height&quot;:{&quot;unit&quot;:&quot;px&quot;,&quot;size&quot;:150,&quot;sizes&quot;:[]},&quot;margins&quot;:{&quot;unit&quot;:&quot;px&quot;,&quot;size&quot;:10,&quot;sizes&quot;:[]},&quot;last_row&quot;:&quot;justify&quot;,&quot;enable_popup&quot;:&quot;yes&quot;}\" data-widget_type=\"ha-justified-gallery.default\">\n\t\t\t\t<div class=\"elementor-widget-container\">\n\t\t\t\t\t\n\t\t<div class=\"ha-justified-grid__wrap hajs-justified-grid\">\n\t\t\t\t\t\t\t<a href=\"#\" data-mfp-src=\"https:\/\/www.restaurant-meyer.at\/hrm\/wp-content\/uploads\/2022\/08\/f371435160-1024x510.jpg\" class=\"ha-justified-grid__item ha-js-lightbox __fltr-1\" title=\"\">\n\t\t\t\t\t<img decoding=\"async\" width=\"1024\" height=\"510\" src=\"https:\/\/www.restaurant-meyer.at\/hrm\/wp-content\/uploads\/2022\/08\/f371435160-1024x510.jpg\" class=\"elementor-animation-grow\" alt=\"\" srcset=\"https:\/\/www.restaurant-meyer.at\/hrm\/wp-content\/uploads\/2022\/08\/f371435160-1024x510.jpg 1024w, https:\/\/www.restaurant-meyer.at\/hrm\/wp-content\/uploads\/2022\/08\/f371435160-300x149.jpg 300w, https:\/\/www.restaurant-meyer.at\/hrm\/wp-content\/uploads\/2022\/08\/f371435160-768x382.jpg 768w, https:\/\/www.restaurant-meyer.at\/hrm\/wp-content\/uploads\/2022\/08\/f371435160.jpg 1462w\" sizes=\"(max-width: 1024px) 100vw, 1024px\" \/>\t\t\t\t<\/a>\n\t\t\t\t\t\t\t<a href=\"#\" data-mfp-src=\"https:\/\/www.restaurant-meyer.at\/hrm\/wp-content\/uploads\/2022\/08\/f371437352-1024x505.jpg\" class=\"ha-justified-grid__item ha-js-lightbox __fltr-1\" title=\"\">\n\t\t\t\t\t<img loading=\"lazy\" decoding=\"async\" width=\"1024\" height=\"505\" src=\"https:\/\/www.restaurant-meyer.at\/hrm\/wp-content\/uploads\/2022\/08\/f371437352-1024x505.jpg\" class=\"elementor-animation-grow\" alt=\"\" srcset=\"https:\/\/www.restaurant-meyer.at\/hrm\/wp-content\/uploads\/2022\/08\/f371437352-1024x505.jpg 1024w, https:\/\/www.restaurant-meyer.at\/hrm\/wp-content\/uploads\/2022\/08\/f371437352-300x148.jpg 300w, https:\/\/www.restaurant-meyer.at\/hrm\/wp-content\/uploads\/2022\/08\/f371437352-768x379.jpg 768w, https:\/\/www.restaurant-meyer.at\/hrm\/wp-content\/uploads\/2022\/08\/f371437352.jpg 1438w\" sizes=\"(max-width: 1024px) 100vw, 1024px\" \/>\t\t\t\t<\/a>\n\t\t\t\t\t\t\t<a href=\"#\" data-mfp-src=\"https:\/\/www.restaurant-meyer.at\/hrm\/wp-content\/uploads\/2022\/08\/f371451920-1024x682.jpg\" class=\"ha-justified-grid__item ha-js-lightbox __fltr-1\" title=\"\">\n\t\t\t\t\t<img loading=\"lazy\" decoding=\"async\" width=\"1024\" height=\"682\" src=\"https:\/\/www.restaurant-meyer.at\/hrm\/wp-content\/uploads\/2022\/08\/f371451920-1024x682.jpg\" class=\"elementor-animation-grow\" alt=\"\" srcset=\"https:\/\/www.restaurant-meyer.at\/hrm\/wp-content\/uploads\/2022\/08\/f371451920-1024x682.jpg 1024w, https:\/\/www.restaurant-meyer.at\/hrm\/wp-content\/uploads\/2022\/08\/f371451920-300x200.jpg 300w, https:\/\/www.restaurant-meyer.at\/hrm\/wp-content\/uploads\/2022\/08\/f371451920-768x512.jpg 768w, https:\/\/www.restaurant-meyer.at\/hrm\/wp-content\/uploads\/2022\/08\/f371451920-1536x1023.jpg 1536w, https:\/\/www.restaurant-meyer.at\/hrm\/wp-content\/uploads\/2022\/08\/f371451920.jpg 1642w\" sizes=\"(max-width: 1024px) 100vw, 1024px\" \/>\t\t\t\t<\/a>\n\t\t\t\t\t\t\t<a href=\"#\" data-mfp-src=\"https:\/\/www.restaurant-meyer.at\/hrm\/wp-content\/uploads\/2022\/08\/Surf-Turf.jpg\" class=\"ha-justified-grid__item ha-js-lightbox __fltr-1\" title=\"\">\n\t\t\t\t\t<img loading=\"lazy\" decoding=\"async\" width=\"307\" height=\"230\" src=\"https:\/\/www.restaurant-meyer.at\/hrm\/wp-content\/uploads\/2022\/08\/Surf-Turf.jpg\" class=\"elementor-animation-grow\" alt=\"\" srcset=\"https:\/\/www.restaurant-meyer.at\/hrm\/wp-content\/uploads\/2022\/08\/Surf-Turf.jpg 307w, https:\/\/www.restaurant-meyer.at\/hrm\/wp-content\/uploads\/2022\/08\/Surf-Turf-300x225.jpg 300w\" sizes=\"(max-width: 307px) 100vw, 307px\" \/>\t\t\t\t<\/a>\n\t\t\t\t\t\t\t<a href=\"#\" data-mfp-src=\"https:\/\/www.restaurant-meyer.at\/hrm\/wp-content\/uploads\/2022\/08\/Dessertvariation.jpg\" class=\"ha-justified-grid__item ha-js-lightbox __fltr-1\" title=\"\">\n\t\t\t\t\t<img loading=\"lazy\" decoding=\"async\" width=\"307\" height=\"230\" src=\"https:\/\/www.restaurant-meyer.at\/hrm\/wp-content\/uploads\/2022\/08\/Dessertvariation.jpg\" class=\"elementor-animation-grow\" alt=\"\" srcset=\"https:\/\/www.restaurant-meyer.at\/hrm\/wp-content\/uploads\/2022\/08\/Dessertvariation.jpg 307w, https:\/\/www.restaurant-meyer.at\/hrm\/wp-content\/uploads\/2022\/08\/Dessertvariation-300x225.jpg 300w\" sizes=\"(max-width: 307px) 100vw, 307px\" \/>\t\t\t\t<\/a>\n\t\t\t\t\t\t\t<a href=\"#\" data-mfp-src=\"https:\/\/www.restaurant-meyer.at\/hrm\/wp-content\/uploads\/2022\/08\/Rinderfilet-Garnele-1024x681.jpg\" class=\"ha-justified-grid__item ha-js-lightbox __fltr-1\" title=\"\">\n\t\t\t\t\t<img loading=\"lazy\" decoding=\"async\" width=\"1024\" height=\"681\" src=\"https:\/\/www.restaurant-meyer.at\/hrm\/wp-content\/uploads\/2022\/08\/Rinderfilet-Garnele-1024x681.jpg\" class=\"elementor-animation-grow\" alt=\"Gasthaus Meyer Kalsdorf\" srcset=\"https:\/\/www.restaurant-meyer.at\/hrm\/wp-content\/uploads\/2022\/08\/Rinderfilet-Garnele-1024x681.jpg 1024w, https:\/\/www.restaurant-meyer.at\/hrm\/wp-content\/uploads\/2022\/08\/Rinderfilet-Garnele-300x200.jpg 300w, https:\/\/www.restaurant-meyer.at\/hrm\/wp-content\/uploads\/2022\/08\/Rinderfilet-Garnele-768x511.jpg 768w, https:\/\/www.restaurant-meyer.at\/hrm\/wp-content\/uploads\/2022\/08\/Rinderfilet-Garnele-1536x1022.jpg 1536w, https:\/\/www.restaurant-meyer.at\/hrm\/wp-content\/uploads\/2022\/08\/Rinderfilet-Garnele.jpg 1843w\" sizes=\"(max-width: 1024px) 100vw, 1024px\" \/>\t\t\t\t<\/a>\n\t\t\t\t\t\t\t<a href=\"#\" data-mfp-src=\"https:\/\/www.restaurant-meyer.at\/hrm\/wp-content\/uploads\/2022\/08\/Saibling.jpg\" class=\"ha-justified-grid__item ha-js-lightbox __fltr-1\" title=\"\">\n\t\t\t\t\t<img loading=\"lazy\" decoding=\"async\" width=\"307\" height=\"230\" src=\"https:\/\/www.restaurant-meyer.at\/hrm\/wp-content\/uploads\/2022\/08\/Saibling.jpg\" class=\"elementor-animation-grow\" alt=\"\" srcset=\"https:\/\/www.restaurant-meyer.at\/hrm\/wp-content\/uploads\/2022\/08\/Saibling.jpg 307w, https:\/\/www.restaurant-meyer.at\/hrm\/wp-content\/uploads\/2022\/08\/Saibling-300x225.jpg 300w\" sizes=\"(max-width: 307px) 100vw, 307px\" \/>\t\t\t\t<\/a>\n\t\t\t\t\t\t\t<a href=\"#\" data-mfp-src=\"https:\/\/www.restaurant-meyer.at\/hrm\/wp-content\/uploads\/2022\/08\/Cordon-bleu-1024x768.jpg\" class=\"ha-justified-grid__item ha-js-lightbox __fltr-1\" title=\"\">\n\t\t\t\t\t<img loading=\"lazy\" decoding=\"async\" width=\"1024\" height=\"768\" src=\"https:\/\/www.restaurant-meyer.at\/hrm\/wp-content\/uploads\/2022\/08\/Cordon-bleu-1024x768.jpg\" class=\"elementor-animation-grow\" alt=\"\" srcset=\"https:\/\/www.restaurant-meyer.at\/hrm\/wp-content\/uploads\/2022\/08\/Cordon-bleu-1024x768.jpg 1024w, https:\/\/www.restaurant-meyer.at\/hrm\/wp-content\/uploads\/2022\/08\/Cordon-bleu-300x225.jpg 300w, https:\/\/www.restaurant-meyer.at\/hrm\/wp-content\/uploads\/2022\/08\/Cordon-bleu-768x576.jpg 768w, https:\/\/www.restaurant-meyer.at\/hrm\/wp-content\/uploads\/2022\/08\/Cordon-bleu.jpg 1210w\" sizes=\"(max-width: 1024px) 100vw, 1024px\" \/>\t\t\t\t<\/a>\n\t\t\t\t\t<\/div>\n\n\t\t\t\t\t\t<\/div>\n\t\t\t\t<\/div>\n\t\t\t\t\t<\/div>\n\t\t<\/div>\n\t\t\t\t\t<\/div>\n\t\t<\/section>\n\t\t\t\t<section class=\"elementor-section elementor-top-section elementor-element elementor-element-1aa325cf elementor-section-boxed elementor-section-height-default elementor-section-height-default exad-glass-effect-no exad-sticky-section-no\" data-id=\"1aa325cf\" data-element_type=\"section\" data-e-type=\"section\" data-settings=\"{&quot;background_background&quot;:&quot;classic&quot;,&quot;_ha_eqh_enable&quot;:false}\">\n\t\t\t\t\t\t<div class=\"elementor-container elementor-column-gap-default\">\n\t\t\t\t\t<div class=\"elementor-column elementor-col-100 elementor-top-column elementor-element elementor-element-1bb14c5a exad-glass-effect-no exad-sticky-section-no\" data-id=\"1bb14c5a\" data-element_type=\"column\" data-e-type=\"column\">\n\t\t\t<div class=\"elementor-widget-wrap elementor-element-populated\">\n\t\t\t\t\t\t<div class=\"elementor-element elementor-element-7e4407fd exad-sticky-section-no exad-glass-effect-no elementor-widget elementor-widget-spacer\" data-id=\"7e4407fd\" data-element_type=\"widget\" data-e-type=\"widget\" data-widget_type=\"spacer.default\">\n\t\t\t\t<div class=\"elementor-widget-container\">\n\t\t\t\t\t\t\t<div class=\"elementor-spacer\">\n\t\t\t<div class=\"elementor-spacer-inner\"><\/div>\n\t\t<\/div>\n\t\t\t\t\t\t<\/div>\n\t\t\t\t<\/div>\n\t\t\t\t\t<\/div>\n\t\t<\/div>\n\t\t\t\t\t<\/div>\n\t\t<\/section>\n\t\t\t\t<\/div>\n\t\t","protected":false},"excerpt":{"rendered":"<p>Restaurant Galerie Restaurant Galerie Ein \u00dcberblick unserer kulinarischen K\u00f6stlichkeiten: Ein \u00dcberblick unserer kulinarischen K\u00f6stlichkeiten:<\/p>\n","protected":false},"author":1,"featured_media":0,"parent":0,"menu_order":0,"comment_status":"closed","ping_status":"closed","template":"","meta":{"ocean_post_layout":"full-screen","ocean_both_sidebars_style":"","ocean_both_sidebars_content_width":0,"ocean_both_sidebars_sidebars_width":0,"ocean_sidebar":"0","ocean_second_sidebar":"0","ocean_disable_margins":"enable","ocean_add_body_class":"","ocean_shortcode_before_top_bar":"","ocean_shortcode_after_top_bar":"","ocean_shortcode_before_header":"","ocean_shortcode_after_header":"","ocean_has_shortcode":"","ocean_shortcode_after_title":"","ocean_shortcode_before_footer_widgets":"","ocean_shortcode_after_footer_widgets":"","ocean_shortcode_before_footer_bottom":"","ocean_shortcode_after_footer_bottom":"","ocean_display_top_bar":"on","ocean_display_header":"on","ocean_header_style":"","ocean_center_header_left_menu":"0","ocean_custom_header_template":"0","ocean_custom_logo":0,"ocean_custom_retina_logo":0,"ocean_custom_logo_max_width":0,"ocean_custom_logo_tablet_max_width":0,"ocean_custom_logo_mobile_max_width":0,"ocean_custom_logo_max_height":0,"ocean_custom_logo_tablet_max_height":0,"ocean_custom_logo_mobile_max_height":0,"ocean_header_custom_menu":"0","ocean_menu_typo_font_family":"0","ocean_menu_typo_font_subset":"","ocean_menu_typo_font_size":0,"ocean_menu_typo_font_size_tablet":0,"ocean_menu_typo_font_size_mobile":0,"ocean_menu_typo_font_size_unit":"px","ocean_menu_typo_font_weight":"","ocean_menu_typo_font_weight_tablet":"","ocean_menu_typo_font_weight_mobile":"","ocean_menu_typo_transform":"","ocean_menu_typo_transform_tablet":"","ocean_menu_typo_transform_mobile":"","ocean_menu_typo_line_height":0,"ocean_menu_typo_line_height_tablet":0,"ocean_menu_typo_line_height_mobile":0,"ocean_menu_typo_line_height_unit":"","ocean_menu_typo_spacing":0,"ocean_menu_typo_spacing_tablet":0,"ocean_menu_typo_spacing_mobile":0,"ocean_menu_typo_spacing_unit":"","ocean_menu_link_color":"","ocean_menu_link_color_hover":"","ocean_menu_link_color_active":"","ocean_menu_link_background":"","ocean_menu_link_hover_background":"","ocean_menu_link_active_background":"","ocean_menu_social_links_bg":"","ocean_menu_social_hover_links_bg":"","ocean_menu_social_links_color":"","ocean_menu_social_hover_links_color":"","ocean_disable_title":"on","ocean_disable_heading":"default","ocean_post_title":"","ocean_post_subheading":"","ocean_post_title_style":"","ocean_post_title_background_color":"","ocean_post_title_background":0,"ocean_post_title_bg_image_position":"","ocean_post_title_bg_image_attachment":"","ocean_post_title_bg_image_repeat":"","ocean_post_title_bg_image_size":"","ocean_post_title_height":0,"ocean_post_title_bg_overlay":0.5,"ocean_post_title_bg_overlay_color":"","ocean_disable_breadcrumbs":"default","ocean_breadcrumbs_color":"","ocean_breadcrumbs_separator_color":"","ocean_breadcrumbs_links_color":"","ocean_breadcrumbs_links_hover_color":"","ocean_display_footer_widgets":"on","ocean_display_footer_bottom":"on","ocean_custom_footer_template":"0","footnotes":""},"class_list":["post-72","page","type-page","status-publish","hentry","entry"],"_links":{"self":[{"href":"https:\/\/www.restaurant-meyer.at\/hrm\/index.php?rest_route=\/wp\/v2\/pages\/72","targetHints":{"allow":["GET"]}}],"collection":[{"href":"https:\/\/www.restaurant-meyer.at\/hrm\/index.php?rest_route=\/wp\/v2\/pages"}],"about":[{"href":"https:\/\/www.restaurant-meyer.at\/hrm\/index.php?rest_route=\/wp\/v2\/types\/page"}],"author":[{"embeddable":true,"href":"https:\/\/www.restaurant-meyer.at\/hrm\/index.php?rest_route=\/wp\/v2\/users\/1"}],"replies":[{"embeddable":true,"href":"https:\/\/www.restaurant-meyer.at\/hrm\/index.php?rest_route=%2Fwp%2Fv2%2Fcomments&post=72"}],"version-history":[{"count":0,"href":"https:\/\/www.restaurant-meyer.at\/hrm\/index.php?rest_route=\/wp\/v2\/pages\/72\/revisions"}],"wp:attachment":[{"href":"https:\/\/www.restaurant-meyer.at\/hrm\/index.php?rest_route=%2Fwp%2Fv2%2Fmedia&parent=72"}],"curies":[{"name":"wp","href":"https:\/\/api.w.org\/{rel}","templated":true}]}}